{"id":12,"date":"2011-05-12T13:31:48","date_gmt":"2011-05-12T13:31:48","guid":{"rendered":"http:\/\/www.maledettezanzare.it\/?page_id=12"},"modified":"2011-07-18T08:31:49","modified_gmt":"2011-07-18T08:31:49","slug":"cosa-provoca","status":"publish","type":"page","link":"https:\/\/www.maledettezanzare.it\/?page_id=12","title":{"rendered":"Cosa Provoca"},"content":{"rendered":"<p><span style=\"font-size: medium;\"><strong><span style=\"color: #4f703c;\"><img decoding=\"async\" loading=\"lazy\" class=\"alignleft size-full wp-image-60\" title=\"ciclo\" src=\"http:\/\/www.maledettezanzare.it\/wp-content\/uploads\/2011\/05\/ciclo.gif\" alt=\"\" width=\"288\" height=\"289\" srcset=\"https:\/\/www.maledettezanzare.it\/wp-content\/uploads\/2011\/05\/ciclo.gif 288w, https:\/\/www.maledettezanzare.it\/wp-content\/uploads\/2011\/05\/ciclo-150x150.gif 150w\" sizes=\"(max-width: 288px) 100vw, 288px\" \/>L<\/span><\/strong><\/span>e ZANZARE che hanno assunto sangue da una persona o da un animale ammalato, possono trasmettere, pungendo una persona sana, numerosi virus e batteri patogeni.<\/p>\n<p><span style=\"font-size: medium;\"><strong><span style=\"color: #4f703c;\">M<\/span><\/strong><\/span>ALARIA: in Italia sono aumentati i casi di questa malattia d\u2019importazione, dovuti a persone che hanno contratto il virus viaggiando in luoghi dove la malaria \u00e8 presente. \u00c8 dunque in aumento il rischio di contrarre tale infezione.<\/p>\n<p><span style=\"font-size: medium;\"><strong><span style=\"color: #4f703c;\">A<\/span><\/strong><\/span>RBOVIRUS: alcune specie di zanzare sono in grado di trasmettere diversi arbovirus, sia agli animali che all\u2019uomo. Queste si nutrono prevalentemente del sangue di uccelli.<\/p>\n<p><span style=\"font-size: medium;\"><strong><span style=\"color: #4f703c;\">T<\/span><\/strong><\/span>ra le ZANZARE italiane capaci di trasmettere tali virus, ricordiamo le specie pi\u00f9 comuni dei centri urbani, che sono vettori anche degli agenti etiologici della FILARIA (trasmessa all\u2019uomo solo occasionalmente).<\/p>\n<p><span style=\"color: #99cc00;\">D<\/span>a alcuni anni anche in Italia \u00e8 giunta con la famigerata Zanzara tigre il\u00a0<strong>Chikungunya \u00a0virus<\/strong>, che ha provocato una epidemia circoscritta in alcune aree dell\u2019Emilia Romagna, provocando danni soprattutto al turismo. Con ci\u00f2 vi \u00e8 la riprova che se fino a poco tempo fa la zanzara provocava solo fastidi, ora anche da noi pu\u00f2 essere un problema sanitario.<\/p>\n","protected":false},"excerpt":{"rendered":"<p>Le ZANZARE che hanno assunto sangue da una persona o da un animale ammalato, possono trasmettere, pungendo una persona sana, numerosi virus e batteri patogeni. MALARIA: in Italia sono aumentati i casi di questa malattia d\u2019importazione, dovuti a persone che hanno contratto il virus viaggiando in luoghi dove la malaria \u00e8 presente. \u00c8 dunque in [&hellip;]<\/p>\n","protected":false},"author":9192192,"featured_media":0,"parent":0,"menu_order":0,"comment_status":"closed","ping_status":"closed","template":"","meta":[],"_links":{"self":[{"href":"https:\/\/www.maledettezanzare.it\/index.php?rest_route=\/wp\/v2\/pages\/12"}],"collection":[{"href":"https:\/\/www.maledettezanzare.it\/index.php?rest_route=\/wp\/v2\/pages"}],"about":[{"href":"https:\/\/www.maledettezanzare.it\/index.php?rest_route=\/wp\/v2\/types\/page"}],"author":[{"embeddable":true,"href":"https:\/\/www.maledettezanzare.it\/index.php?rest_route=\/wp\/v2\/users\/9192192"}],"replies":[{"embeddable":true,"href":"https:\/\/www.maledettezanzare.it\/index.php?rest_route=%2Fwp%2Fv2%2Fcomments&post=12"}],"version-history":[{"count":7,"href":"https:\/\/www.maledettezanzare.it\/index.php?rest_route=\/wp\/v2\/pages\/12\/revisions"}],"predecessor-version":[{"id":38,"href":"https:\/\/www.maledettezanzare.it\/index.php?rest_route=\/wp\/v2\/pages\/12\/revisions\/38"}],"wp:attachment":[{"href":"https:\/\/www.maledettezanzare.it\/index.php?rest_route=%2Fwp%2Fv2%2Fmedia&parent=12"}],"curies":[{"name":"wp","href":"https:\/\/api.w.org\/{rel}","templated":true}]}}